{"id":2087,"date":"2015-07-10T03:09:04","date_gmt":"2015-07-10T00:09:04","guid":{"rendered":"http:\/\/www.muziksahne.com\/?page_id=2087"},"modified":"2015-08-28T00:38:33","modified_gmt":"2015-08-27T21:38:33","slug":"organization","status":"publish","type":"page","link":"https:\/\/muziksahne.com\/en\/organization\/","title":{"rendered":"Organization"},"content":{"rendered":"<p>&nbsp;<\/p>\n<p><img loading=\"lazy\" decoding=\"async\" class=\" size-full wp-image-1989 alignleft\" style=\"border: none; padding: 10px; background: #e2e2e2; margin-right: 50px;\" src=\"http:\/\/www.muziksahne.com\/wp-content\/uploads\/2015\/07\/6.jpg\" alt=\"Untitled-1\" width=\"430\" height=\"310\" \/><\/p>\n<p><i style=\"font-size: 24px; font-family: 'PT Sans'; font-style: italic; color: #252628; letter-spacing: 0.5px; line-height: 27px; font-weight: 500;\">When it comes to the Events,<br \/>\nThe Address is muziksahne.com!<br \/>\n<\/i><\/p>\n<p>We organize your events such as concerts, parties, openings, school events, festivals, celebrations, cocktail parties, house parties, birthdays, exhibitions, fashion shows, weddings &#038; engagement parties and seminars, and meet all your needs such as DJs, music groups, artists, orchestras, musicians, sound, lighting and stage for your special days.<\/p>\n<div style=\"clear: both;\"><\/div>\n<p><span style=\"margin-top: 20px; font-size: 17px; color: #333333; font-family: 'Open Sans'; border-bottom: 1px solid #e7e7e7; width: 100%; position: absolute; padding-bottom: 10px;\">Organization Videos<\/span><\/p>\n<div id=\"organizasyon-foto\">\n<div id=\"attachment_2162\" style=\"width: 253.5px\" class=\"wp-caption alignleft\"><a href=\"https:\/\/www.youtube.com\/watch?v=HbNHulr_78A\" class=\"fancybox-youtube\"><img loading=\"lazy\" decoding=\"async\" style=\"width: 253.5px; height: 144px; object-fit: cover;  float: left; padding: 5px;\"  class=\"size-full wp-image-2162\" src=\"http:\/\/www.muziksahne.com\/wp-content\/uploads\/2015\/07\/event-1.jpg\" alt=\"BAU FEST 2015 \" width=\"259\" height=\"144\"><\/a><\/p>\n<p class=\"wp-caption-text\">After Work Parties 22.05 @IZAKA<\/p>\n<\/div>\n<div id=\"attachment_2161\" style=\"width: 253.5px\" class=\"wp-caption alignleft\"><a href=\"https:\/\/www.youtube.com\/watch?v=AHhoTtbm0xk\" class=\"fancybox-youtube\"><img loading=\"lazy\" decoding=\"async\" style=\"width: 253.5px; height: 144px; object-fit: cover;  float: left; padding: 5px;\"  class=\"size-full wp-image-2161\" src=\"http:\/\/www.muziksahne.com\/wp-content\/uploads\/2015\/07\/event-2.jpg\" alt=\"ORGANIZATION HPL\" width=\"259\" height=\"144\"><\/a><\/p>\n<p class=\"wp-caption-text\">After Work Parties @Izaka<\/p>\n<\/div>\n<div id=\"attachment_2160\" style=\"width: 253.5px\" class=\"wp-caption alignleft\"><a href=\"https:\/\/www.youtube.com\/watch?v=AIxGVyUiCSc\" class=\"fancybox-youtube\"><img loading=\"lazy\" decoding=\"async\" style=\"width: 253.5px; height: 144px; object-fit: cover;  float: left; padding: 5px;\"  class=\"size-full wp-image-2160\" src=\"http:\/\/www.muziksahne.com\/wp-content\/uploads\/2015\/07\/event-3.jpg\" alt=\"TEO \u00c5\u017eENL\u00c4\u00b0KLER\u00c4\u00b0\" width=\"259\" height=\"144\"><\/a><\/p>\n<p class=\"wp-caption-text\">DJ Ravin @Izaka<\/p>\n<\/div>\n<div id=\"attachment_2159\" style=\"width: 253.5px\" class=\"wp-caption alignleft\"><a href=\"https:\/\/www.youtube.com\/watch?v=IvfEqKjcyIU\" class=\"fancybox-youtube\"><img loading=\"lazy\" decoding=\"async\" style=\"width: 253.5px; height: 144px; object-fit: cover;  float: left; padding: 5px;\"  class=\"size-full wp-image-2159\" src=\"http:\/\/www.muziksahne.com\/wp-content\/uploads\/2015\/07\/event-4.jpg\" alt=\"WOOX A\u00c3\u2021ILI\u00c5\u017e\" width=\"259\" height=\"144\"><\/a><\/p>\n<p class=\"wp-caption-text\">DJ Tarkan @Rixos<\/p>\n<\/div>\n<div id=\"attachment_2162\" style=\"width: 253.5px\" class=\"wp-caption alignleft\"><a href=\"https:\/\/www.youtube.com\/watch?v=aE_9VLhIf4c\" class=\"fancybox-youtube\"><img loading=\"lazy\" decoding=\"async\" style=\"width: 253.5px; height: 144px; object-fit: cover;  float: left; padding: 5px;\"  class=\"size-full wp-image-2159\" src=\"http:\/\/www.muziksahne.com\/wp-content\/uploads\/2015\/07\/event-5.jpg\" alt=\"WOOX A\u00c3\u2021ILI\u00c5\u017e\" width=\"259\" height=\"144\"><\/a><\/p>\n<p class=\"wp-caption-text\">Stephane Pompougnac @Izaka<\/p>\n<\/div>\n<\/div>\n<div style=\"clear: both;\"><\/div>\n<p><span style=\"margin-top: 20px; font-size: 17px; color: #333333; font-family: 'Open Sans'; border-bottom: 1px solid #e7e7e7; width: 100%; position: absolute; padding-bottom: 10px; margin-bottom: 20px;\">Organization Photos<\/span><\/p>\n<div id=\"organizasyon-foto\"><a href=\"http:\/\/www.muziksahne.com\/wp-content\/uploads\/2015\/06\/footer-galeri-1.jpg\"><img loading=\"lazy\" decoding=\"async\" class=\"size-full wp-image-2162\" style=\"width:253.5px;height:144px;    object-fit: cover;float:left;    padding: 5px;\" src=\"http:\/\/www.muziksahne.com\/wp-content\/uploads\/2015\/06\/footer-galeri-1.jpg\" alt=\"BAU FEST 2015 \" width=\"500\" height=\"334\" \/><\/a> <a href=\"http:\/\/www.muziksahne.com\/wp-content\/uploads\/2015\/06\/footer-galeri-2.jpg\"><img loading=\"lazy\" decoding=\"async\" style=\"width:253.5px;height:144px; object-fit: cover;float:left;    padding: 5px;\" class=\"size-full wp-image-2161\" src=\"http:\/\/www.muziksahne.com\/wp-content\/uploads\/2015\/06\/footer-galeri-2.jpg\" alt=\"ORGANIZATION HPL\" width=\"619\" height=\"412\" \/><\/a> <a href=\"http:\/\/www.muziksahne.com\/wp-content\/uploads\/2015\/06\/footer-galeri-3.jpg\"><img loading=\"lazy\" decoding=\"async\" style=\"width:253.5px;height:144px;object-fit: cover;float:left;    padding: 5px;\" class=\"size-full wp-image-2160\" src=\"http:\/\/www.muziksahne.com\/wp-content\/uploads\/2015\/06\/footer-galeri-3.jpg\" alt=\"TEO \u00c5\u017eENL\u00c4\u00b0KLER\u00c4\u00b0\" width=\"1600\" height=\"900\" \/><\/a> <a href=\"http:\/\/www.muziksahne.com\/wp-content\/uploads\/2015\/06\/footer-galeri-4.jpg\"><img loading=\"lazy\" decoding=\"async\" style=\"width:253.5px;height:144px;object-fit: cover;float:left;    padding: 5px;\" class=\"size-full wp-image-2159\" src=\"http:\/\/www.muziksahne.com\/wp-content\/uploads\/2015\/06\/footer-galeri-4.jpg\" alt=\"WOOX A\u00c3\u2021ILI\u00c5\u017e\" width=\"653\" height=\"381\" \/><\/a><\/div>\n","protected":false},"excerpt":{"rendered":"<p>&nbsp; When it comes to the Events, The Address is muziksahne.com! We organize your events such as concerts, parties, openings, school events, festivals, celebrations, cocktail parties, house parties, birthdays, exhibitions, fashion shows, weddings &#038; engagement parties and seminars, and meet all your needs such as DJs, music groups, artists, orchestras, musicians, sound, lighting and stage<\/p>\n","protected":false},"author":1,"featured_media":0,"parent":0,"menu_order":0,"comment_status":"open","ping_status":"closed","template":"template-full.php","meta":{"footnotes":""},"class_list":["post-2087","page","type-page","status-publish","hentry"],"_links":{"self":[{"href":"https:\/\/muziksahne.com\/en\/wp-json\/wp\/v2\/pages\/2087","targetHints":{"allow":["GET"]}}],"collection":[{"href":"https:\/\/muziksahne.com\/en\/wp-json\/wp\/v2\/pages"}],"about":[{"href":"https:\/\/muziksahne.com\/en\/wp-json\/wp\/v2\/types\/page"}],"author":[{"embeddable":true,"href":"https:\/\/muziksahne.com\/en\/wp-json\/wp\/v2\/users\/1"}],"replies":[{"embeddable":true,"href":"https:\/\/muziksahne.com\/en\/wp-json\/wp\/v2\/comments?post=2087"}],"version-history":[{"count":88,"href":"https:\/\/muziksahne.com\/en\/wp-json\/wp\/v2\/pages\/2087\/revisions"}],"predecessor-version":[{"id":2665,"href":"https:\/\/muziksahne.com\/en\/wp-json\/wp\/v2\/pages\/2087\/revisions\/2665"}],"wp:attachment":[{"href":"https:\/\/muziksahne.com\/en\/wp-json\/wp\/v2\/media?parent=2087"}],"curies":[{"name":"wp","href":"https:\/\/api.w.org\/{rel}","templated":true}]}}