{"id":2544,"date":"2015-08-14T13:04:14","date_gmt":"2015-08-14T10:04:14","guid":{"rendered":"http:\/\/www.muziksahne.com\/?page_id=2544"},"modified":"2015-08-14T13:04:14","modified_gmt":"2015-08-14T10:04:14","slug":"sanatcilar-2","status":"publish","type":"page","link":"https:\/\/muziksahne.com\/en\/sanatcilar-2\/","title":{"rendered":"Sanat\u00e7\u0131lar"},"content":{"rendered":"<p>&nbsp;<\/p>\n<p><i style=\"font-size: 24px; font-family: 'Dosis'; font-style: italic; color: #252628; letter-spacing: 0.5px; line-height: 27px; font-weight: 500;\">Diledi\u011finiz Tarzda Profesyonel M\u00fczisyenler! <\/i><\/p>\n<p>Etkinli\u011finize \u00f6zel m\u00fczik t\u00fcrlerine g\u00f6re farkl\u0131 tarzlarda sanat\u00e7\u0131 ve orkestralarla hizmetinizdeyiz.<\/p>\n<p><a href=\"http:\/\/www.muziksahne.com\/deniz-sipahi\/\"><img loading=\"lazy\" decoding=\"async\" class=\"alignleft size-full wp-image-2199\" style=\"border: none;\" src=\"http:\/\/www.muziksahne.com\/wp-content\/uploads\/2015\/07\/denizsipahi.jpg\" alt=\"denizsipahi\" width=\"463\" height=\"291\" srcset=\"https:\/\/muziksahne.com\/en\/wp-content\/uploads\/2015\/07\/denizsipahi.jpg 463w, https:\/\/muziksahne.com\/en\/wp-content\/uploads\/2015\/07\/denizsipahi-300x189.jpg 300w, https:\/\/muziksahne.com\/en\/wp-content\/uploads\/2015\/07\/denizsipahi-460x290.jpg 460w\" sizes=\"auto, (max-width: 463px) 100vw, 463px\" \/><\/a><\/p>\n<p><a href=\"http:\/\/www.muziksahne.com\/non-stop\/\"><img loading=\"lazy\" decoding=\"async\" class=\"alignleft size-full wp-image-2198\" style=\"border: none;\" src=\"http:\/\/www.muziksahne.com\/wp-content\/uploads\/2015\/07\/nonstop.jpg\" alt=\"nonstop\" width=\"460\" height=\"292\" srcset=\"https:\/\/muziksahne.com\/en\/wp-content\/uploads\/2015\/07\/nonstop.jpg 460w, https:\/\/muziksahne.com\/en\/wp-content\/uploads\/2015\/07\/nonstop-300x190.jpg 300w\" sizes=\"auto, (max-width: 460px) 100vw, 460px\" \/><\/a><\/p>\n<p><a href=\"http:\/\/www.muziksahne.com\/suzan-kardes\/\"><img loading=\"lazy\" decoding=\"async\" class=\"alignleft size-full wp-image-2199\" style=\"border: none;\" src=\"http:\/\/www.muziksahne.com\/wp-content\/uploads\/2015\/07\/suzankardes.jpg\" alt=\"denizsipahi\" width=\"463\" height=\"291\" \/><\/a><\/p>\n<p><a href=\"http:\/\/www.muziksahne.com\/mikado\/\"><img loading=\"lazy\" decoding=\"async\" class=\"alignleft size-full wp-image-2199\" style=\"border: none;\" src=\"http:\/\/www.muziksahne.com\/wp-content\/uploads\/2015\/07\/mikado.jpg\" alt=\"denizsipahi\" width=\"463\" height=\"291\" \/><\/a><\/p>\n<p><a href=\"http:\/\/www.muziksahne.com\/onur-ocakli\/\"><img loading=\"lazy\" decoding=\"async\" class=\"alignleft size-full wp-image-2199\" style=\"border: none;\" src=\"http:\/\/www.muziksahne.com\/wp-content\/uploads\/2015\/07\/onurocakli.jpg\" alt=\"denizsipahi\" width=\"463\" height=\"291\" \/><\/a><\/p>\n<p><a href=\"http:\/\/www.muziksahne.com\/bengisu\/\"><img loading=\"lazy\" decoding=\"async\" class=\"alignleft size-full wp-image-2199\" style=\"border: none;\" src=\"http:\/\/www.muziksahne.com\/wp-content\/uploads\/2015\/07\/bengisu.jpg\" alt=\"denizsipahi\" width=\"463\" height=\"291\" \/><\/a><\/p>\n","protected":false},"excerpt":{"rendered":"<p>&nbsp; Diledi\u011finiz Tarzda Profesyonel M\u00fczisyenler! Etkinli\u011finize \u00f6zel m\u00fczik t\u00fcrlerine g\u00f6re farkl\u0131 tarzlarda sanat\u00e7\u0131 ve orkestralarla hizmetinizdeyiz.<\/p>\n","protected":false},"author":1,"featured_media":0,"parent":0,"menu_order":0,"comment_status":"open","ping_status":"open","template":"template-full.php","meta":{"footnotes":""},"class_list":["post-2544","page","type-page","status-publish","hentry"],"_links":{"self":[{"href":"https:\/\/muziksahne.com\/en\/wp-json\/wp\/v2\/pages\/2544","targetHints":{"allow":["GET"]}}],"collection":[{"href":"https:\/\/muziksahne.com\/en\/wp-json\/wp\/v2\/pages"}],"about":[{"href":"https:\/\/muziksahne.com\/en\/wp-json\/wp\/v2\/types\/page"}],"author":[{"embeddable":true,"href":"https:\/\/muziksahne.com\/en\/wp-json\/wp\/v2\/users\/1"}],"replies":[{"embeddable":true,"href":"https:\/\/muziksahne.com\/en\/wp-json\/wp\/v2\/comments?post=2544"}],"version-history":[{"count":1,"href":"https:\/\/muziksahne.com\/en\/wp-json\/wp\/v2\/pages\/2544\/revisions"}],"predecessor-version":[{"id":2549,"href":"https:\/\/muziksahne.com\/en\/wp-json\/wp\/v2\/pages\/2544\/revisions\/2549"}],"wp:attachment":[{"href":"https:\/\/muziksahne.com\/en\/wp-json\/wp\/v2\/media?parent=2544"}],"curies":[{"name":"wp","href":"https:\/\/api.w.org\/{rel}","templated":true}]}}